{"id":5,"date":"2016-11-24T00:05:16","date_gmt":"2016-11-24T00:05:16","guid":{"rendered":"http:\/\/www.montreal-fc.ca\/?page_id=5"},"modified":"2025-06-02T17:02:22","modified_gmt":"2025-06-02T17:02:22","slug":"event-directory","status":"publish","type":"page","link":"http:\/\/www.montreal-fc.ca\/?page_id=5","title":{"rendered":"Photos"},"content":{"rendered":"<p>[vc_row][vc_column width=&nbsp;&raquo;1\/3&Prime;][vc_single_image image=&nbsp;&raquo;1831&Prime; img_size=&nbsp;&raquo;full&nbsp;&raquo;][vc_single_image image=&nbsp;&raquo;1832&Prime; img_size=&nbsp;&raquo;full&nbsp;&raquo;][vc_single_image image=&nbsp;&raquo;1510&Prime; img_size=&nbsp;&raquo;full&nbsp;&raquo;][\/vc_column][vc_column width=&nbsp;&raquo;1\/3&Prime;][vc_single_image image=&nbsp;&raquo;1830&Prime; img_size=&nbsp;&raquo;full&nbsp;&raquo;][vc_single_image image=&nbsp;&raquo;1833&Prime; img_size=&nbsp;&raquo;full&nbsp;&raquo;][vc_single_image image=&nbsp;&raquo;1834&Prime; img_size=&nbsp;&raquo;full&nbsp;&raquo;][\/vc_column][vc_column width=&nbsp;&raquo;1\/3&Prime;][vc_single_image image=&nbsp;&raquo;1823&Prime; img_size=&nbsp;&raquo;full&nbsp;&raquo;][vc_single_image image=&nbsp;&raquo;1829&Prime; img_size=&nbsp;&raquo;full&nbsp;&raquo;][vc_single_image image=&nbsp;&raquo;1835&Prime; img_size=&nbsp;&raquo;full&nbsp;&raquo;][\/vc_column][\/vc_row][vc_row][vc_column width=&nbsp;&raquo;1\/2&Prime;][vc_custom_heading text=&nbsp;&raquo;Montr\u00e9al FC&nbsp;&raquo; font_container=&nbsp;&raquo;tag:h5|text_align:left&nbsp;&raquo; use_theme_fonts=&nbsp;&raquo;yes&nbsp;&raquo; css=&nbsp;&raquo;.vc_custom_1704048728396{margin-top: 0px !important;}&nbsp;&raquo;][vc_custom_heading text=&nbsp;&raquo;Nos activit\u00e9s &nbsp;&raquo; use_theme_fonts=&nbsp;&raquo;yes&nbsp;&raquo; css=&nbsp;&raquo;.vc_custom_1704049753846{margin-top: 0px !important;}&nbsp;&raquo;][vc_column_text css=&nbsp;&raquo;.vc_custom_1704050395295{padding-top: 15px !important;}&nbsp;&raquo;]<\/p>\n<p class=\"p1\" style=\"text-align: justify;\">Le camp de jour est une exp\u00e9rience estivale inoubliable pour les enfants. Il offre une vari\u00e9t\u00e9 d&rsquo;activit\u00e9s r\u00e9cr\u00e9atives et \u00e9ducatives qui favorisent le d\u00e9veloppement physique, social et intellectuel des participants. Les enfants peuvent participer \u00e0 des jeux en plein air, des activit\u00e9s artistiques, des sports et des excursions passionnantes. Par exemple, ils peuvent apprendre \u00e0 nager, \u00e0 faire du v\u00e9lo ou \u00e0 jouer au pickleball. De plus, les activit\u00e9s de groupe favorisent le d\u00e9veloppement des comp\u00e9tences sociales, telles que la communication et le travail d&rsquo;\u00e9quipe.<\/p>\n<p class=\"p1\" style=\"text-align: justify;\">L&rsquo;\u00e9quipe adulte de Montr\u00e9al FC est une excellente opportunit\u00e9 pour les joueurs passionn\u00e9s de ballon rond de tous niveaux. Le futsal est une version en salle du soccer qui se joue avec un ballon plus petit et sur un terrain r\u00e9duit. Cette variante du sport met l&rsquo;accent sur la technique, la rapidit\u00e9 et la prise de d\u00e9cision rapide. Les joueurs de l&rsquo;\u00e9quipe de Montr\u00e9al FC peuvent am\u00e9liorer leur ma\u00eetrise du ballon, leur vision du jeu et leur condition physique. De plus, ils ont la possibilit\u00e9 de participer \u00e0 des comp\u00e9titions r\u00e9gionales,\u00a0provinciales et nationales, ce qui renforce leur esprit de comp\u00e9tition et leur motivation.<\/p>\n<p>[\/vc_column_text][\/vc_column][vc_column width=&nbsp;&raquo;1\/2&Prime;][vc_column_text]<\/p>\n<p style=\"text-align: justify;\">MFC Acad\u00e9mie est une activit\u00e9 sp\u00e9cialement con\u00e7ue pour les jeunes joueurs de soccer. Elle leur offre une introduction au futsal et leur permet de d\u00e9velopper leurs comp\u00e9tences techniques et tactiques. Les entra\u00eeneurs se concentrent sur l&rsquo;apprentissage des fondamentaux du jeu, tels que le contr\u00f4le de balle, le dribble et le tir. De plus, les jeunes joueurs ont la possibilit\u00e9 de participer \u00e0 des matchs amicaux et \u00e0 des tournois, ce qui renforce leur confiance en eux et leur esprit d&rsquo;\u00e9quipe.<\/p>\n<p style=\"text-align: justify;\">Enfin, l&rsquo;entra\u00eenement est une composante essentielle de toutes ces activit\u00e9s. Que ce soit au camp de jour, dans l&rsquo;\u00e9quipe adulte ou dans l&rsquo;\u00e9quipe de jeune de futsal, les participants b\u00e9n\u00e9ficient d&rsquo;un encadrement professionnel et d&rsquo;un programme d&rsquo;entra\u00eenement adapt\u00e9 \u00e0 leur niveau et \u00e0 leurs objectifs. Les entra\u00eeneurs fournissent des conseils techniques, tactiques et physiques, et veillent \u00e0 ce que les participants progressent de mani\u00e8re constante. L&rsquo;entra\u00eenement r\u00e9gulier permet d&rsquo;am\u00e9liorer les comp\u00e9tences individuelles et collectives des joueurs, tout en favorisant leur discipline et leur pers\u00e9v\u00e9rance.<\/p>\n<p style=\"text-align: justify;\">En conclusion,\u00a0nos activit\u00e9s offrent des opportunit\u00e9s uniques de d\u00e9veloppement et de plaisir pour les participants. Que ce soit en am\u00e9liorant leurs comp\u00e9tences techniques, en renfor\u00e7ant leur esprit d&rsquo;\u00e9quipe ou en favorisant leur d\u00e9veloppement social, ces activit\u00e9s contribuent \u00e0 la croissance globale des individus. Il est donc essentiel de soutenir et de promouvoir ces activit\u00e9s pour permettre aux participants de s&rsquo;\u00e9panouir pleinement.<\/p>\n<p>[\/vc_column_text][\/vc_column][\/vc_row]<\/p>\n","protected":false},"excerpt":{"rendered":"<p>[vc_row][vc_column width=&nbsp;&raquo;1\/3&Prime;][vc_single_image image=&nbsp;&raquo;1831&Prime; img_size=&nbsp;&raquo;full&nbsp;&raquo;][vc_single_image image=&nbsp;&raquo;1832&Prime; img_size=&nbsp;&raquo;full&nbsp;&raquo;][vc_single_image image=&nbsp;&raquo;1510&Prime; img_size=&nbsp;&raquo;full&nbsp;&raquo;][\/vc_column][vc_column width=&nbsp;&raquo;1\/3&Prime;][vc_single_image image=&nbsp;&raquo;1830&Prime; img_size=&nbsp;&raquo;full&nbsp;&raquo;][vc_single_image image=&nbsp;&raquo;1833&Prime; img_size=&nbsp;&raquo;full&nbsp;&raquo;][vc_single_image image=&nbsp;&raquo;1834&Prime; img_size=&nbsp;&raquo;full&nbsp;&raquo;][\/vc_column][vc_column width=&nbsp;&raquo;1\/3&Prime;][vc_single_image image=&nbsp;&raquo;1823&Prime; img_size=&nbsp;&raquo;full&nbsp;&raquo;][vc_single_image image=&nbsp;&raquo;1829&Prime; img_size=&nbsp;&raquo;full&nbsp;&raquo;][vc_single_image image=&nbsp;&raquo;1835&Prime; img_size=&nbsp;&raquo;full&nbsp;&raquo;][\/vc_column][\/vc_row][vc_row][vc_column width=&nbsp;&raquo;1\/2&Prime;][vc_custom_heading text=&nbsp;&raquo;Montr\u00e9al FC&nbsp;&raquo; font_container=&nbsp;&raquo;tag:h5|text_align:left&nbsp;&raquo; use_theme_fonts=&nbsp;&raquo;yes&nbsp;&raquo; css=&nbsp;&raquo;.vc_custom_1704048728396{margin-top: 0px !important;}&nbsp;&raquo;][vc_custom_heading text=&nbsp;&raquo;Nos activit\u00e9s &nbsp;&raquo; use_theme_fonts=&nbsp;&raquo;yes&nbsp;&raquo; css=&nbsp;&raquo;.vc_custom_1704049753846{margin-top: 0px !important;}&nbsp;&raquo;][vc_column_text css=&nbsp;&raquo;.vc_custom_1704050395295{padding-top: 15px !important;}&nbsp;&raquo;] Le camp de jour est une exp\u00e9rience estivale inoubliable pour les enfants. Il offre une [&hellip;]<\/p>\n","protected":false},"author":1,"featured_media":0,"parent":0,"menu_order":0,"comment_status":"closed","ping_status":"closed","template":"","meta":{"footnotes":""},"class_list":["post-5","page","type-page","status-publish","hentry"],"_links":{"self":[{"href":"http:\/\/www.montreal-fc.ca\/index.php?rest_route=\/wp\/v2\/pages\/5","targetHints":{"allow":["GET"]}}],"collection":[{"href":"http:\/\/www.montreal-fc.ca\/index.php?rest_route=\/wp\/v2\/pages"}],"about":[{"href":"http:\/\/www.montreal-fc.ca\/index.php?rest_route=\/wp\/v2\/types\/page"}],"author":[{"embeddable":true,"href":"http:\/\/www.montreal-fc.ca\/index.php?rest_route=\/wp\/v2\/users\/1"}],"replies":[{"embeddable":true,"href":"http:\/\/www.montreal-fc.ca\/index.php?rest_route=%2Fwp%2Fv2%2Fcomments&post=5"}],"version-history":[{"count":7,"href":"http:\/\/www.montreal-fc.ca\/index.php?rest_route=\/wp\/v2\/pages\/5\/revisions"}],"predecessor-version":[{"id":2002,"href":"http:\/\/www.montreal-fc.ca\/index.php?rest_route=\/wp\/v2\/pages\/5\/revisions\/2002"}],"wp:attachment":[{"href":"http:\/\/www.montreal-fc.ca\/index.php?rest_route=%2Fwp%2Fv2%2Fmedia&parent=5"}],"curies":[{"name":"wp","href":"https:\/\/api.w.org\/{rel}","templated":true}]}}