{"id":1682,"date":"2017-01-29T22:14:15","date_gmt":"2017-01-29T22:14:15","guid":{"rendered":"http:\/\/www.montreal-fc.ca\/?page_id=1682"},"modified":"2017-02-12T18:18:30","modified_gmt":"2017-02-12T18:18:30","slug":"le-futsal-2","status":"publish","type":"page","link":"http:\/\/www.montreal-fc.ca\/?page_id=1682","title":{"rendered":"\u00c0 PROPOS DE M.F.C"},"content":{"rendered":"<p>[vc_row][vc_column][vc_single_image image=&nbsp;&raquo;1591&Prime; img_size=&nbsp;&raquo;full&nbsp;&raquo;][\/vc_column][\/vc_row][vc_row][vc_column]<div class=\"headding-title \"><h3>\u00c0 PROPOS DE M.F.C:<\/h3><div class=\"headding-bottom\"><\/div><\/div>[\/vc_column][\/vc_row][vc_row][vc_column width=&nbsp;&raquo;2\/3&Prime;][vc_column_text]<strong>Montr\u00e9al Futsal Club (MFC)<\/strong> est un organisme sans but lucratif cr\u00e9\u00e9 afin d&rsquo;offrir des activit\u00e9s et des possibilit\u00e9s pour les jeunes, sans distinction de race , de sexe, de religion ou de<br \/>\nstatut \u00e9conomique, dans les communaut\u00e9s urbaines et qui a pour motivation le d\u00e9veloppement sportif du Fusal.<\/p>\n<p><strong>Montr\u00e9al Futsal Club (MFC)<\/strong> va concevoir et mettre en oeuvre des programmes sportifs pour les jeunes avec les normes acad\u00e9miques et sociales qui permettront de d\u00e9velopper les jeunes dans les membres bien arrondis de notre communaut\u00e9. En plus des programmes qui prendront forme \u00e0 Montr\u00e9al.<\/p>\n<p>L&rsquo;id\u00e9e originelle n&rsquo;\u00e9tait pas simplement de jouer au mini-soccer sur un simple terrain, mais bel et bien de d\u00e9velopper un nouveau sport avec ses propres r\u00e8gles beaucoup plus strictes, dans l&rsquo;esprit d&rsquo;\u00e9duquer les jeunes adultes, de les responsabiliser et de les rendre solidaires.<\/p>\n<p>Pour am\u00e9liorer la vie des jeunes vivant dans des communaut\u00e9s urbaines \u00e0 travers le sport et les activit\u00e9s qui sont enracin\u00e9es dans les principes ludiques, \u00e9ducatives et \u00e9thiques. Gr\u00e2ce \u00e0 notre programmation, nous esp\u00e9rons donner \u00e0 nos enfants la discipline, les connaissances et les possibilit\u00e9s de r\u00e9ussir dans leur vie d\u2019adulte.<\/p>\n<p>[\/vc_column_text]<div class=\"headding-title \"><h3>Mission:<\/h3><div class=\"headding-bottom\"><\/div><\/div>[vc_column_text]Montr\u00e9al Futsal Club (MFC) a pour mission de promouvoir le Futsal dans l\u2019\u00eele-de-Montr\u00e9al, et a l\u2019ambition de d\u00e9velopper la technique sportive pour ce sport. Au-del\u00e0,\u00a0MFC souhaite donner acc\u00e9s au Futsal \u00e0 toutes les cat\u00e9gories, des d\u00e9munis aux plus\u00a0ais\u00e9s, des plus jeunes aux moins jeunes: le \u00ab Futsal pour tous \u00bb .<\/p>\n<p>&nbsp;<\/p>\n<h4>Nos objectifs \u00e0 travers le Futsal :<\/h4>\n<p>&nbsp;<\/p>\n<h5><strong>\u2022 Sportifs :<\/strong><\/h5>\n<p>\u2013 D\u00e9velopper la ma\u00eetrise de la technique sportive.<br \/>\n\u2013 \u00c9valuer la progression sportive et technique des jeunes.<br \/>\n\u2013 Particitper \u00e0 des comp\u00e9titions de Futsal.<br \/>\n\u2013 Organiser des s\u00e9jours de perfectionnement.<\/p>\n<p>&nbsp;<\/p>\n<h5><strong>\u2022 Soci\u00e9taux :<\/strong><\/h5>\n<p>\u2013 Enseigner l\u2019esprit d\u2019\u00e9quipe<br \/>\n\u2013 Responsabiliser les jeunes sur leurs actes et leurs impacts collectivement.<br \/>\n\u2013 Enseigner le respect des r\u00e8gles, des personnes ainsi que des infrastructures.<br \/>\n\u2013 D\u00e9velopper le sport dans son aspect sant\u00e9<\/p>\n<p>&nbsp;<\/p>\n<h5><strong>\u2022 Educatifs :<\/strong><\/h5>\n<p>\u2013 Transposer la rigueur sportive dans la rigueur scolaire.<br \/>\n\u2013 Promouvoir \u00ab un esprit sain dans un corps sain \u00bb.<\/p>\n<p>&nbsp;<\/p>\n<p><strong>Montr\u00e9al Futsal Club<\/strong> s\u2019est donn\u00e9e pour mission de r\u00e9aliser les objectifs ci-dessus ainsi que\u00a0tout autre qui irait dans le sens du d\u00e9veloppement scolaire et civique des jeunes et en\u00a0ad\u00e9quation avec notre philosophie.[\/vc_column_text][\/vc_column][vc_column width=&nbsp;&raquo;1\/3&Prime;][\/vc_column][\/vc_row]<\/p>\n","protected":false},"excerpt":{"rendered":"<p>[vc_row][vc_column][vc_single_image image=&nbsp;&raquo;1591&Prime; img_size=&nbsp;&raquo;full&nbsp;&raquo;][\/vc_column][\/vc_row][vc_row][vc_column][\/vc_column][\/vc_row][vc_row][vc_column width=&nbsp;&raquo;2\/3&Prime;][vc_column_text]Montr\u00e9al Futsal Club (MFC) est un organisme sans but lucratif cr\u00e9\u00e9 afin d&rsquo;offrir des activit\u00e9s et des possibilit\u00e9s pour les jeunes, sans distinction de race , de sexe, de religion ou de statut \u00e9conomique, dans les communaut\u00e9s urbaines et qui a pour motivation le d\u00e9veloppement sportif du Fusal. Montr\u00e9al Futsal Club (MFC) [&hellip;]<\/p>\n","protected":false},"author":1,"featured_media":0,"parent":0,"menu_order":0,"comment_status":"closed","ping_status":"closed","template":"page-templates\/inner-page-normal.php","meta":{"footnotes":""},"class_list":["post-1682","page","type-page","status-publish","hentry"],"_links":{"self":[{"href":"http:\/\/www.montreal-fc.ca\/index.php?rest_route=\/wp\/v2\/pages\/1682","targetHints":{"allow":["GET"]}}],"collection":[{"href":"http:\/\/www.montreal-fc.ca\/index.php?rest_route=\/wp\/v2\/pages"}],"about":[{"href":"http:\/\/www.montreal-fc.ca\/index.php?rest_route=\/wp\/v2\/types\/page"}],"author":[{"embeddable":true,"href":"http:\/\/www.montreal-fc.ca\/index.php?rest_route=\/wp\/v2\/users\/1"}],"replies":[{"embeddable":true,"href":"http:\/\/www.montreal-fc.ca\/index.php?rest_route=%2Fwp%2Fv2%2Fcomments&post=1682"}],"version-history":[{"count":19,"href":"http:\/\/www.montreal-fc.ca\/index.php?rest_route=\/wp\/v2\/pages\/1682\/revisions"}],"predecessor-version":[{"id":1730,"href":"http:\/\/www.montreal-fc.ca\/index.php?rest_route=\/wp\/v2\/pages\/1682\/revisions\/1730"}],"wp:attachment":[{"href":"http:\/\/www.montreal-fc.ca\/index.php?rest_route=%2Fwp%2Fv2%2Fmedia&parent=1682"}],"curies":[{"name":"wp","href":"https:\/\/api.w.org\/{rel}","templated":true}]}}