{"id":1618,"date":"2017-01-22T20:49:44","date_gmt":"2017-01-22T20:49:44","guid":{"rendered":"http:\/\/www.montreal-fc.ca\/?page_id=1618"},"modified":"2017-01-29T21:40:38","modified_gmt":"2017-01-29T21:40:38","slug":"le-futsal","status":"publish","type":"page","link":"http:\/\/www.montreal-fc.ca\/?page_id=1618","title":{"rendered":"LE FUTSAL"},"content":{"rendered":"<p>[vc_row][vc_column][vc_single_image image=&nbsp;&raquo;1591&Prime; img_size=&nbsp;&raquo;full&nbsp;&raquo;][\/vc_column][\/vc_row][vc_row][vc_column]<div class=\"headding-title \"><h3>Qu\u2019est ce que le Futsal:<\/h3><div class=\"headding-bottom\"><\/div><\/div>[\/vc_column][\/vc_row][vc_row][vc_column width=&nbsp;&raquo;2\/3&Prime;][vc_column_text]<strong>Le Futsal,<\/strong> mot provenant de l&rsquo;association de deux mots : \u00ab futbol de sala \u00bb ou\u00a0\u00ab futebol de sal\u00e3o \u00bb, qui signifie \u00ab football en salle \u00bb, est un sport collectif dont les\u00a0r\u00e8gles s\u2019inspirent principalement de quatre sports collectifs : le basketball, le handball,\u00a0le waterpolo et le soccer en gardant la notion de balle au pied. Il est issu du continent\u00a0Sud-am\u00e9ricain.<\/p>\n<p>De 1930 \u00e0 1933, des r\u00e8gles sp\u00e9cifiques au football en salle ont \u00e9t\u00e9 cr\u00e9es par l\u2019argentin Juan Carlos Ceriani Gravier, en Uruguay, o\u00f9 venait de se d\u00e9rouler la premi\u00e8re Coupe du monde de Futsal (1930). L\u2019argentin venait d\u2019instaurer des r\u00e8gles codifi\u00e9es, s\u2019inspirant du basketball, du handball, du waterpolo et du soccer. La premi\u00e8re f\u00e9d\u00e9ration pour ce sport a \u00e9t\u00e9 cr\u00e9\u00e9e cette m\u00eame ann\u00e9e au Br\u00e9sil.<\/p>\n<p>En 1956, Luiz Gonzaga de Oliveira Fernandes et Habib Maphuz instaurent des sp\u00e9cificit\u00e9s de taille, de poids et de hauteur de rebonds pour le ballon et limitent le nombre de joueurs par \u00e9quipe sur le terrain \u00e0 cinq joueurs. En 1969, la premi\u00e8re conf\u00e9d\u00e9ration Sud-am\u00e9ricaine de Futsal fut cr\u00e9\u00e9e et dont les membres \u00e9taient l\u2019Argentine, le Paraguay, l\u2019Uruguay et le Br\u00e9sil. Le premier championnat mondial de Futsal eu lieu en 1982.<\/p>\n<p>Depuis ce temps, ce sport a connu une rapide popularit\u00e9 en Am\u00e9rique du Sud, et plus particuli\u00e8rement au Br\u00e9sil qui est encore aujourd&rsquo;hui la patrie du Futsal. Ce sport y est une v\u00e9ritable institution, les plus jeunes sont initi\u00e9s au Futsal \u00e0 l&rsquo;\u00e9cole, puis peuvent int\u00e9grer des sections sp\u00e9cialis\u00e9es \u00e0 partir de 11-12 ans.<\/p>\n<p>De tr\u00e8s nombreux grands joueurs br\u00e9siliens sont issus du futsal. <strong>Pel\u00e9, Zico, S\u00f3crates,\u00a0Bebeto, Ronaldinho<\/strong> et d&rsquo;autres superstars du soccer d\u2019aujourd\u2019hui dont <strong>Messi,\u00a0Ronaldo, Neymar, Rooney<\/strong> ont d\u00e9velopp\u00e9 leur technique en jouant au Futsal.[\/vc_column_text][\/vc_column][vc_column width=&nbsp;&raquo;1\/3&Prime;][\/vc_column][\/vc_row][vc_row][vc_column width=&nbsp;&raquo;2\/3&Prime;]<div class=\"headding-title \"><h3>La Place du Futsal au Qu\u00e9bec:<\/h3><div class=\"headding-bottom\"><\/div><\/div>[vc_column_text]Encore m\u00e9connu ici, le Futsal se joue au Qu\u00e9bec que depuis moins de 4 ans. La premi\u00e8re ligue de Futsal au Qu\u00e9bec a \u00e9t\u00e9 cr\u00e9\u00e9e en 2014. Le Futsal, a plus que sa place au Qu\u00e9bec, notamment en consid\u00e9ration de sa pratique en salle, ce qui est en parfaite ad\u00e9quation avec la saison hivernal au Qu\u00e9bec. Ce sport a sa place ici et se voit grandir chaque jour.[\/vc_column_text]<div class=\"headding-title \"><h3>Int\u00e9r\u00eat du Futsal et ses r\u00e8glements:<\/h3><div class=\"headding-bottom\"><\/div><\/div>[vc_column_text]<\/p>\n<h4><strong>\u2022 Int\u00e9r\u00eats du Futsal :<\/strong><\/h4>\n<p>L\u2019int\u00e9r\u00eat du Futsal est multiple. Son r\u00e8glement sp\u00e9cifique, ses conditions de pratique et son \u00e9tat d\u2019esprit, en font une activit\u00e9 riche en de nombreux points, et elle m\u00e9rite, \u00e0 cet \u00e9gard, une place plus importante.<\/p>\n<p>Tout d&rsquo;abord, au niveau des comp\u00e9tences et des connaissances g\u00e9n\u00e9rales, la philosophie du Futsal correspond pleinement aux objectifs prioritaires que se fixe (AMF): ma\u00eetriser ses \u00e9motions, vaincre en respectant ses adversaires, accepter la d\u00e9cision d&rsquo;un arbitre ou encore respecter le mat\u00e9riel.<\/p>\n<p>Toutes ces valeurs font parties int\u00e9grantes de l&rsquo;activit\u00e9. Par exemple, la comptabilisation des fautes collectives oblige les joueurs \u00e0 canaliser leur \u00e9nergie et \u00e0 maitriser leurs r\u00e9actions. S&rsquo;ils contestent une d\u00e9cision arbitrale ou se montrent trop agressifs sur le terrain, ils seront personnellement p\u00e9nalis\u00e9s par le r\u00e8glement (carton jaune, voir rouge) et leur \u00e9quipe sera \u00e9galement sanctionn\u00e9e (faute collective).<\/p>\n<h4><strong>\u2022 Surface de jeu<\/strong><\/h4>\n<p>Ce sport se d\u00e9roule dans des gymnases, des petits terrains et pouvant se jouer aussi bien \u00e0 l&rsquo;int\u00e9rieur qu&rsquo;\u00e0 l&rsquo;ext\u00e9rieur sur des terrains de basketball ou handball. Sa surface de jeu doit avoir minimum de 25 m\u00e8tres de longueur (38 m\u00e8tres pour les matches internationaux) et ne doit pas exc\u00e9der 42 m\u00e8tres. Sa largeur, quant \u00e0 elle, doit \u00eatre au minimum de 15 m\u00e8tres (18 m\u00e8tres pour les matches internationaux) et ne doit pas exc\u00e9der 25 m\u00e8tres.<\/p>\n<h4><strong>\u2022 Ballon<\/strong><\/h4>\n<p>Le Futsal se joue avec un ballon en forme sph\u00e9rique et doit \u00eatre en cuir ou de toute\u00a0autre mati\u00e8re adapt\u00e9e. Sa circonf\u00e9rence doit osciller entre 62 cm et 64 cm. Sa masse\u00a0ne doit pas varier au-del\u00e0 de 440 grammes au plus et 400 grammes au moins au coup\u00a0d&rsquo;envoi du match. La pression du ballon doit \u00eatre de l&rsquo;ordre de 400-600 g\/cm2.<\/p>\n<h4><strong> \u2022 Nombre de joueurs et temps de jeu<\/strong><\/h4>\n<p>En forme de jeu, les matchs se jouent entre deux \u00e9quipes, celles-ci doivent \u00eatre compos\u00e9es de 4 joueurs de champ et d&rsquo;un gardien de but. L&rsquo;\u00e9quipe peut compter jusqu&rsquo;\u00e0 sept rempla\u00e7ants, dont les permutations sont illimit\u00e9es durant la rencontre. Un joueur peut rentrer et sortir du terrain autant de fois qu&rsquo;il le souhaite durant le match. Les remplacements peuvent \u00eatre effectu\u00e9s \u00e0 n&rsquo;importe quel moment du jeu (un joueur doit \u00eatre compl\u00e8tement sorti du terrain pour \u00eatre remplac\u00e9).<\/p>\n<p>Le match se dispute en deux mi-temps de 20 minutes chacune (en temps effectif officiellement) ou deux mi-temps de 25 minutes chacune (en temps non effectif), avec une pause entre les deux p\u00e9riodes, qui ne doit exc\u00e9der les 15 minutes. Les \u00e9quipes ont droit \u00e0 une minute de temps mort non cumulable, dans chacune des deux p\u00e9riodes.<\/p>\n<h4><strong>\u2022 Cumul des fautes<\/strong><\/h4>\n<p>N&rsquo;importe quelle faute pr\u00e9c\u00e9dant un coup de sifflet entraine un coup-franc direct ou indirect (seules les fautes directes sont cumul\u00e9es). Apr\u00e8s cinq fautes directes, chaque faute suppl\u00e9mentaire est sanctionn\u00e9e par un jet-franc \u00e0 10 m\u00e8tres. Les fautes sont remises \u00e0 z\u00e9ro lors de la seconde mi-temps.<\/p>\n<p>&nbsp;<\/p>\n<p>&nbsp;[\/vc_column_text][\/vc_column][\/vc_row][vc_row][vc_column][vc_single_image image=&nbsp;&raquo;1593&Prime; img_size=&nbsp;&raquo;full&nbsp;&raquo;][\/vc_column][\/vc_row][vc_row][vc_column]<div class=\"headding-title \"><h3>R\u00e9capitulatif du r\u00e8glement (selon la r\u00e9glementation AMF):<\/h3><div class=\"headding-bottom\"><\/div><\/div>[vc_column_text]\u2022 Se joue en salle ou \u00e0 l\u2019ext\u00e9rieur sur un terrain r\u00e9duit (basket-ball ou handball)<br \/>\n\u2022 Les buts de handball sont utilis\u00e9s.<br \/>\n\u2022 Le ballon est sp\u00e9cifique et il rebondit peu.<br \/>\n\u2022 Il y a 5 joueurs sur le terrain incluant le gardien.<br \/>\n\u2022 Le nombre de remplacements est illimit\u00e9.<br \/>\n\u2022 Pas de contacts physique.<br \/>\n\u2022 1 minute de temps mort par \u00e9quipe et par p\u00e9riode.<br \/>\n\u2022 Pas de hors-jeu.<br \/>\n\u2022 Tous les coups francs doivent \u00eatre jou\u00e9s dans les 4 secondes.<br \/>\n\u2022 Notion de sanction collective dans des cas de plusieurs fautes individuelles<br \/>\n\u2022 La rentr\u00e9e de touche se joue \u00e0 la main ou au pied.<br \/>\n\u2022 Tous les arbitres \u00e0 l\u2019ext\u00e9rieur du terrains[\/vc_column_text][\/vc_column][\/vc_row]<\/p>\n","protected":false},"excerpt":{"rendered":"<p>[vc_row][vc_column][vc_single_image image=&nbsp;&raquo;1591&Prime; img_size=&nbsp;&raquo;full&nbsp;&raquo;][\/vc_column][\/vc_row][vc_row][vc_column][\/vc_column][\/vc_row][vc_row][vc_column width=&nbsp;&raquo;2\/3&Prime;][vc_column_text]Le Futsal, mot provenant de l&rsquo;association de deux mots : \u00ab futbol de sala \u00bb ou\u00a0\u00ab futebol de sal\u00e3o \u00bb, qui signifie \u00ab football en salle \u00bb, est un sport collectif dont les\u00a0r\u00e8gles s\u2019inspirent principalement de quatre sports collectifs : le basketball, le handball,\u00a0le waterpolo et le soccer en gardant la notion [&hellip;]<\/p>\n","protected":false},"author":1,"featured_media":0,"parent":0,"menu_order":0,"comment_status":"closed","ping_status":"closed","template":"page-templates\/inner-page-normal.php","meta":{"footnotes":""},"class_list":["post-1618","page","type-page","status-publish","hentry"],"_links":{"self":[{"href":"http:\/\/www.montreal-fc.ca\/index.php?rest_route=\/wp\/v2\/pages\/1618","targetHints":{"allow":["GET"]}}],"collection":[{"href":"http:\/\/www.montreal-fc.ca\/index.php?rest_route=\/wp\/v2\/pages"}],"about":[{"href":"http:\/\/www.montreal-fc.ca\/index.php?rest_route=\/wp\/v2\/types\/page"}],"author":[{"embeddable":true,"href":"http:\/\/www.montreal-fc.ca\/index.php?rest_route=\/wp\/v2\/users\/1"}],"replies":[{"embeddable":true,"href":"http:\/\/www.montreal-fc.ca\/index.php?rest_route=%2Fwp%2Fv2%2Fcomments&post=1618"}],"version-history":[{"count":14,"href":"http:\/\/www.montreal-fc.ca\/index.php?rest_route=\/wp\/v2\/pages\/1618\/revisions"}],"predecessor-version":[{"id":1675,"href":"http:\/\/www.montreal-fc.ca\/index.php?rest_route=\/wp\/v2\/pages\/1618\/revisions\/1675"}],"wp:attachment":[{"href":"http:\/\/www.montreal-fc.ca\/index.php?rest_route=%2Fwp%2Fv2%2Fmedia&parent=1618"}],"curies":[{"name":"wp","href":"https:\/\/api.w.org\/{rel}","templated":true}]}}